{"id":2750,"date":"2025-10-04T15:07:23","date_gmt":"2025-10-04T13:07:23","guid":{"rendered":"https:\/\/equipepaarden.nl\/?page_id=2750"},"modified":"2026-02-14T12:10:35","modified_gmt":"2026-02-14T11:10:35","slug":"comparer-les-assurances-pour-chevaux","status":"publish","type":"page","link":"https:\/\/equipepaarden.nl\/fr\/comparer-les-assurances-pour-chevaux\/","title":{"rendered":"Comparez les assurances pour chevaux"},"content":{"rendered":"<div data-elementor-type=\"wp-page\" data-elementor-id=\"2750\" class=\"elementor elementor-2750\" data-elementor-post-type=\"page\">\n\t\t\t\t<div data-particle_enable=\"false\" data-particle-mobile-disabled=\"false\" class=\"elementor-element elementor-element-26a25c9 e-flex e-con-boxed e-con e-parent\" data-id=\"26a25c9\" data-element_type=\"container\" data-e-type=\"container\" data-settings=\"{&quot;background_background&quot;:&quot;classic&quot;,&quot;shape_divider_bottom&quot;:&quot;curve&quot;,&quot;shape_divider_bottom_negative&quot;:&quot;yes&quot;}\">\n\t\t\t\t\t<div class=\"e-con-inner\">\n\t\t\t\t<div class=\"elementor-shape elementor-shape-bottom\" aria-hidden=\"true\" data-negative=\"true\">\n\t\t\t<svg xmlns=\"http:\/\/www.w3.org\/2000\/svg\" viewbox=\"0 0 1000 100\" preserveaspectratio=\"none\">\n\t<path class=\"elementor-shape-fill\" d=\"M500,97C126.7,96.3,0.8,19.8,0,0v100l1000,0V1C1000,19.4,873.3,97.8,500,97z\"\/>\n<\/svg>\t\t<\/div>\n\t\t<div data-particle_enable=\"false\" data-particle-mobile-disabled=\"false\" class=\"elementor-element elementor-element-f5d45fe e-con-full e-flex e-con e-child\" data-id=\"f5d45fe\" data-element_type=\"container\" data-e-type=\"container\">\n\t\t\t\t<div class=\"elementor-element elementor-element-7a50eb5 elementor-widget elementor-widget-heading\" data-id=\"7a50eb5\" data-element_type=\"widget\" data-e-type=\"widget\" data-widget_type=\"heading.default\">\n\t\t\t\t<div class=\"elementor-widget-container\">\n\t\t\t\t\t<h2 class=\"elementor-heading-title elementor-size-default\">Assurance \u00e9quine<\/h2>\t\t\t\t<\/div>\n\t\t\t\t<\/div>\n\t\t\t\t<div class=\"elementor-element elementor-element-4cafdf8 elementor-widget elementor-widget-heading\" data-id=\"4cafdf8\" data-element_type=\"widget\" data-e-type=\"widget\" data-widget_type=\"heading.default\">\n\t\t\t\t<div class=\"elementor-widget-container\">\n\t\t\t\t\t<h1 class=\"elementor-heading-title elementor-size-default\">Comparez les assurances pour chevaux<\/h1>\t\t\t\t<\/div>\n\t\t\t\t<\/div>\n\t\t\t\t<div class=\"elementor-element elementor-element-a1d5172 elementor-widget elementor-widget-text-editor\" data-id=\"a1d5172\" data-element_type=\"widget\" data-e-type=\"widget\" data-widget_type=\"text-editor.default\">\n\t\t\t\t<div class=\"elementor-widget-container\">\n\t\t\t\t\t\t\t\t\t<p>Choisissez l&#039;assurance cheval qui vous convient en toute confiance chez Equipe. De la couverture de base \u00e0 la protection compl\u00e8te, nous proposons des solutions adapt\u00e9es \u00e0 votre cheval et \u00e0 votre situation.<\/p>\t\t\t\t\t\t\t\t<\/div>\n\t\t\t\t<\/div>\n\t\t\t\t<\/div>\n\t\t\t\t\t<\/div>\n\t\t\t\t<\/div>\n\t\t<div data-particle_enable=\"false\" data-particle-mobile-disabled=\"false\" class=\"elementor-element elementor-element-c59eeea e-flex e-con-boxed e-con e-parent\" data-id=\"c59eeea\" data-element_type=\"container\" data-e-type=\"container\" id=\"multicolumn-table\">\n\t\t\t\t\t<div class=\"e-con-inner\">\n\t\t<div data-particle_enable=\"false\" data-particle-mobile-disabled=\"false\" class=\"elementor-element elementor-element-f600687 e-con-full e-flex e-con e-child\" data-id=\"f600687\" data-element_type=\"container\" data-e-type=\"container\" data-settings=\"{&quot;background_background&quot;:&quot;classic&quot;}\">\n\t\t\t\t<div class=\"elementor-element elementor-element-bc8eb2e elementor-widget elementor-widget-image\" data-id=\"bc8eb2e\" data-element_type=\"widget\" data-e-type=\"widget\" data-widget_type=\"image.default\">\n\t\t\t\t<div class=\"elementor-widget-container\">\n\t\t\t\t\t\t\t\t\t\t\t\t\t\t\t<img fetchpriority=\"high\" decoding=\"async\" width=\"1654\" height=\"2339\" src=\"https:\/\/equipepaarden.nl\/wp-content\/uploads\/2026\/02\/eeccef85-1.png\" class=\"attachment-full size-full wp-image-3152\" alt=\"\" srcset=\"https:\/\/equipepaarden.nl\/wp-content\/uploads\/2026\/02\/eeccef85-1.png.webp 1654w, https:\/\/equipepaarden.nl\/wp-content\/uploads\/2026\/02\/eeccef85-1-212x300.png.webp 212w, https:\/\/equipepaarden.nl\/wp-content\/uploads\/2026\/02\/eeccef85-1-724x1024.png.webp 724w, https:\/\/equipepaarden.nl\/wp-content\/uploads\/2026\/02\/eeccef85-1-768x1086.png.webp 768w, https:\/\/equipepaarden.nl\/wp-content\/uploads\/2026\/02\/eeccef85-1-1086x1536.png.webp 1086w, https:\/\/equipepaarden.nl\/wp-content\/uploads\/2026\/02\/eeccef85-1-1448x2048.png.webp 1448w, https:\/\/equipepaarden.nl\/wp-content\/uploads\/2026\/02\/eeccef85-1-8x12.png.webp 8w\" sizes=\"(max-width: 1654px) 100vw, 1654px\" \/>\t\t\t\t\t\t\t\t\t\t\t\t\t\t\t<\/div>\n\t\t\t\t<\/div>\n\t\t\t\t<\/div>\n\t\t\t\t\t<\/div>\n\t\t\t\t<\/div>\n\t\t\t\t<\/div>","protected":false},"excerpt":{"rendered":"<p>Equipe Paardenverzekeringen Paardenverzekeringen vergelijken Kies met vertrouwen de juiste paardenverzekering bij Equipe. Van basisdekking tot uitgebreide bescherming, afgestemd op jouw paard en situatie.<\/p>","protected":false},"author":1,"featured_media":162,"parent":0,"menu_order":0,"comment_status":"closed","ping_status":"closed","template":"","meta":{"_acf_changed":false,"footnotes":""},"class_list":["post-2750","page","type-page","status-publish","has-post-thumbnail","hentry"],"acf":[],"_links":{"self":[{"href":"https:\/\/equipepaarden.nl\/fr\/wp-json\/wp\/v2\/pages\/2750","targetHints":{"allow":["GET"]}}],"collection":[{"href":"https:\/\/equipepaarden.nl\/fr\/wp-json\/wp\/v2\/pages"}],"about":[{"href":"https:\/\/equipepaarden.nl\/fr\/wp-json\/wp\/v2\/types\/page"}],"author":[{"embeddable":true,"href":"https:\/\/equipepaarden.nl\/fr\/wp-json\/wp\/v2\/users\/1"}],"replies":[{"embeddable":true,"href":"https:\/\/equipepaarden.nl\/fr\/wp-json\/wp\/v2\/comments?post=2750"}],"version-history":[{"count":70,"href":"https:\/\/equipepaarden.nl\/fr\/wp-json\/wp\/v2\/pages\/2750\/revisions"}],"predecessor-version":[{"id":3162,"href":"https:\/\/equipepaarden.nl\/fr\/wp-json\/wp\/v2\/pages\/2750\/revisions\/3162"}],"wp:featuredmedia":[{"embeddable":true,"href":"https:\/\/equipepaarden.nl\/fr\/wp-json\/wp\/v2\/media\/162"}],"wp:attachment":[{"href":"https:\/\/equipepaarden.nl\/fr\/wp-json\/wp\/v2\/media?parent=2750"}],"curies":[{"name":"wp","href":"https:\/\/api.w.org\/{rel}","templated":true}]}}